{"id":248,"date":"2016-04-06T13:34:23","date_gmt":"2016-04-06T13:34:23","guid":{"rendered":"http:\/\/controm.ro\/site\/?page_id=248"},"modified":"2016-04-12T17:25:39","modified_gmt":"2016-04-12T17:25:39","slug":"debitmetre","status":"publish","type":"page","link":"https:\/\/controm.ro\/site\/produse\/debitmetre\/","title":{"rendered":"Debitmetre"},"content":{"rendered":"<p>Putem livra diverse aparate de masurarea a debitului cum ar fi:<\/p>\n<ul>\n<li>Senzori cu turbina;<\/li>\n<li>Senzori vortex;<\/li>\n<li>Senzori magnetic-inductivi;<\/li>\n<li>Senzori cu roti dintate ovale;<\/li>\n<li>Senzori cu sectiune variabila; etc.<\/li>\n<\/ul>\n<div class='catablog-catalog'><div class=\"catablog-row catablog-gallery\">\n\t<a href=\"https:\/\/controm.ro\/site\/wp-content\/uploads\/catablog\/originals\/Inductive VMI 20.jpg\" class=\"catablog-image\"  >\n\t\t<img decoding=\"async\" src=\"https:\/\/controm.ro\/site\/wp-content\/uploads\/catablog\/thumbnails\/Inductive VMI 20.jpg\" alt=\"\" \/>\n\t\t<strong class=\"catablog-title\">Inductive VMI 20<\/strong>\t\n\t<\/a>\n\t<div class=\"catablog-description\"><\/div>\n<\/div><div class=\"catablog-row catablog-gallery\">\n\t<a href=\"https:\/\/controm.ro\/site\/wp-content\/uploads\/catablog\/originals\/Inductive VMM.jpg\" class=\"catablog-image\"  >\n\t\t<img decoding=\"async\" src=\"https:\/\/controm.ro\/site\/wp-content\/uploads\/catablog\/thumbnails\/Inductive VMM.jpg\" alt=\"\" \/>\n\t\t<strong class=\"catablog-title\">Inductive VMM<\/strong>\t\n\t<\/a>\n\t<div class=\"catablog-description\"><\/div>\n<\/div><div class=\"catablog-row catablog-gallery\">\n\t<a href=\"https:\/\/controm.ro\/site\/wp-content\/uploads\/catablog\/originals\/Turbine VT15.jpg\" class=\"catablog-image\"  >\n\t\t<img decoding=\"async\" src=\"https:\/\/controm.ro\/site\/wp-content\/uploads\/catablog\/thumbnails\/Turbine VT15.jpg\" alt=\"\" \/>\n\t\t<strong class=\"catablog-title\">Turbine VT15<\/strong>\t\n\t<\/a>\n\t<div class=\"catablog-description\"><\/div>\n<\/div><div class=\"catablog-row catablog-gallery\">\n\t<a href=\"https:\/\/controm.ro\/site\/wp-content\/uploads\/catablog\/originals\/Turbine VTR1050.jpg\" class=\"catablog-image\"  >\n\t\t<img decoding=\"async\" src=\"https:\/\/controm.ro\/site\/wp-content\/uploads\/catablog\/thumbnails\/Turbine VTR1050.jpg\" alt=\"\" \/>\n\t\t<strong class=\"catablog-title\">Turbine VTR1050<\/strong>\t\n\t<\/a>\n\t<div class=\"catablog-description\"><\/div>\n<\/div><div class=\"catablog-row catablog-gallery\">\n\t<a href=\"https:\/\/controm.ro\/site\/wp-content\/uploads\/catablog\/originals\/Turbine VTM40.jpg\" class=\"catablog-image\"  >\n\t\t<img decoding=\"async\" src=\"https:\/\/controm.ro\/site\/wp-content\/uploads\/catablog\/thumbnails\/Turbine VTM40.jpg\" alt=\"\" \/>\n\t\t<strong class=\"catablog-title\">Turbine VTM40<\/strong>\t\n\t<\/a>\n\t<div class=\"catablog-description\"><\/div>\n<\/div><div class=\"catablog-row catablog-gallery\">\n\t<a href=\"https:\/\/controm.ro\/site\/wp-content\/uploads\/catablog\/originals\/Vortex VVX 25.jpg\" class=\"catablog-image\"  >\n\t\t<img decoding=\"async\" src=\"https:\/\/controm.ro\/site\/wp-content\/uploads\/catablog\/thumbnails\/Vortex VVX 25.jpg\" alt=\"\" \/>\n\t\t<strong class=\"catablog-title\">Vortex VVX 25<\/strong>\t\n\t<\/a>\n\t<div class=\"catablog-description\"><\/div>\n<\/div><\/div><div class='catablog-navigation'><span class='catablog-navigation-link catablog-first-page-link catablog-disabled'>Anterior<\/span> <\/div>\n<p>Senzorii de curgere cu turbina sunt senzori pentru m\u0103surarea debitului sau\u00a0 dozarea lichide lor. Datorita designului foarte compact , domeniul de m\u0103sur\u0103 foarte larg \u0219i precizia m\u0103sur\u0103tori lor , sunt posibile aplicatii aproape nelimitate .<\/p>\n<p>Senzorii vortex nu au parti componente mobile. Se folosesc de vartejurile create de lichid in jurul unui corp cu suprafata prestabilita. Frecven\u021ba v\u00e2rtejurilor care trec pe l\u00e2ng\u0103 un senzor depinde de debit \u0219i este propor\u021bional\u0103 cu acest debit. Senzorul detecteaza aceste vartejuri care sunt apoi convertite intr-un semnal electric. Acest sistem prezinta cateva avantaje: o sectiune de teava aproape libere ( cadere de presiune foarte mica ); un domeniu larg de aplicabilitate; independent de conductivitatea fluidului; stabilitate pe termen lung\/ lipsa dereglajului.<\/p>\n<p>Senzorii magnetic-inductivi nu au parti mobile, nu au degradare mecanica, sectiunea prin teava libera ( nu exista cadere de presiune ), nu au nevoie de intretinere, timp mic de raspuns ( &lt;500 ms sau &lt; 100 ms ) si pot fi instalati cu usurinta.<\/p>\n","protected":false},"excerpt":{"rendered":"<p>Putem livra diverse aparate de masurarea a debitului cum ar fi: Senzori cu turbina; Senzori vortex; Senzori magnetic-inductivi; Senzori cu roti dintate ovale; Senzori cu sectiune variabila; etc. Senzorii de curgere cu turbina sunt senzori pentru m\u0103surarea debitului sau\u00a0 dozarea lichide lor. Datorita designului foarte compact , domeniul de m\u0103sur\u0103 foarte larg \u0219i precizia m\u0103sur\u0103tori [&hellip;]<\/p>\n","protected":false},"author":1,"featured_media":0,"parent":7,"menu_order":312,"comment_status":"closed","ping_status":"closed","template":"","meta":{"footnotes":""},"class_list":["post-248","page","type-page","status-publish","hentry"],"_links":{"self":[{"href":"https:\/\/controm.ro\/site\/wp-json\/wp\/v2\/pages\/248","targetHints":{"allow":["GET"]}}],"collection":[{"href":"https:\/\/controm.ro\/site\/wp-json\/wp\/v2\/pages"}],"about":[{"href":"https:\/\/controm.ro\/site\/wp-json\/wp\/v2\/types\/page"}],"author":[{"embeddable":true,"href":"https:\/\/controm.ro\/site\/wp-json\/wp\/v2\/users\/1"}],"replies":[{"embeddable":true,"href":"https:\/\/controm.ro\/site\/wp-json\/wp\/v2\/comments?post=248"}],"version-history":[{"count":0,"href":"https:\/\/controm.ro\/site\/wp-json\/wp\/v2\/pages\/248\/revisions"}],"up":[{"embeddable":true,"href":"https:\/\/controm.ro\/site\/wp-json\/wp\/v2\/pages\/7"}],"wp:attachment":[{"href":"https:\/\/controm.ro\/site\/wp-json\/wp\/v2\/media?parent=248"}],"curies":[{"name":"wp","href":"https:\/\/api.w.org\/{rel}","templated":true}]}}